{"id":2517,"date":"2023-09-09T07:17:16","date_gmt":"2023-09-09T07:17:16","guid":{"rendered":"https:\/\/stap.ee\/stapnew\/?post_type=product&#038;p=2517"},"modified":"2024-02-01T09:10:12","modified_gmt":"2024-02-01T09:10:12","slug":"stap-review","status":"publish","type":"product","link":"https:\/\/www.stap.ee\/en\/product\/stap-review\/","title":{"rendered":"Stap review"},"content":{"rendered":"<p>Kliendiarvustused kiirelt ja mugavalt<\/p>\n<p>See v\u00e4ike, kuid v\u00f5imas kaart v\u00f5imaldab suunata oma kliente otse teie firma review lehele, et nad saaksid jagada oma kogemust vaid \u00fche puudutusega.<\/p>\n<p>Miks valida NFC Kaart &#8220;Stap Review&#8221;?<\/p>\n<p>1. <strong>Google&#8217;i Tulemuste Parandamine<\/strong>: Kogudes rohkem kliendiarvamusi, aitab NFC Kaart &#8220;Stap Review&#8221; teie ettev\u00f5ttel t\u00f5usta\u00a0 k\u00f5rgemale Google&#8217;i otsingutulemustes, suurendades seel\u00e4bi n\u00e4htavust ja usaldusv\u00e4\u00e4rsust.<\/p>\n<p>2.\u00a0 <strong>Lihtsus<\/strong>: Unustage keerulised URL-id ja QR-id. NFC Kaart v\u00f5imaldab kliendil kiiresti ja mugavalt teie review lehele j\u00f5uda.<\/p>\n<p>3. <strong>Kliendis\u00f5bralikkus<\/strong>: N\u00e4idake oma klientidele, et hoolite nende arvamusest ja teete kogemuse v\u00f5imalikult meeldivaks.<\/p>\n<p>4. <strong>Rohkem Tagasisidet<\/strong>: NFC Kaart aitab suurendada kliendiarvamuste hulka, aidates teil oma teenust paremaks muuta.<\/p>\n<p>5. <strong>Innovatiivsus<\/strong>: Olge kaasaegne ettev\u00f5te, mis kasutab tipptasemel tehnoloogiat klientide rahulolu tagamiseks.<\/p>\n<p>Valige NFC Kaart &#8220;Stap Review&#8221; ja muutke kliendiarvamuste kogumine lihtsaks ning tulemuslikuks. Luua suurem ja rahulolevam klientide baas pole kunagi olnud nii lihtne.<\/p>\n","protected":false},"excerpt":{"rendered":"<p>Kliendiarvustused kiirelt ja mugavalt See v\u00e4ike, kuid v\u00f5imas kaart v\u00f5imaldab suunata oma kliente otse teie firma review lehele, et nad saaksid jagada oma kogemust vaid \u00fche puudutusega. Miks valida NFC Kaart &#8220;Stap Review&#8221;? 1. Google&#8217;i Tulemuste Parandamine: Kogudes rohkem kliendiarvamusi, aitab NFC Kaart &#8220;Stap Review&#8221; teie ettev\u00f5ttel t\u00f5usta\u00a0 k\u00f5rgemale Google&#8217;i otsingutulemustes, suurendades seel\u00e4bi n\u00e4htavust ja [&hellip;]<\/p>\n","protected":false},"featured_media":3042,"comment_status":"open","ping_status":"closed","template":"","meta":{"_uf_show_specific_survey":0,"_uf_disable_surveys":false},"product_brand":[],"product_cat":[],"product_tag":[],"class_list":{"0":"post-2517","1":"product","2":"type-product","3":"status-publish","4":"has-post-thumbnail","7":"first","8":"instock","9":"sale","10":"shipping-taxable","11":"purchasable","12":"product-type-simple"},"aioseo_notices":[],"_links":{"self":[{"href":"https:\/\/www.stap.ee\/en\/wp-json\/wp\/v2\/product\/2517","targetHints":{"allow":["GET"]}}],"collection":[{"href":"https:\/\/www.stap.ee\/en\/wp-json\/wp\/v2\/product"}],"about":[{"href":"https:\/\/www.stap.ee\/en\/wp-json\/wp\/v2\/types\/product"}],"replies":[{"embeddable":true,"href":"https:\/\/www.stap.ee\/en\/wp-json\/wp\/v2\/comments?post=2517"}],"wp:featuredmedia":[{"embeddable":true,"href":"https:\/\/www.stap.ee\/en\/wp-json\/wp\/v2\/media\/3042"}],"wp:attachment":[{"href":"https:\/\/www.stap.ee\/en\/wp-json\/wp\/v2\/media?parent=2517"}],"wp:term":[{"taxonomy":"product_brand","embeddable":true,"href":"https:\/\/www.stap.ee\/en\/wp-json\/wp\/v2\/product_brand?post=2517"},{"taxonomy":"product_cat","embeddable":true,"href":"https:\/\/www.stap.ee\/en\/wp-json\/wp\/v2\/product_cat?post=2517"},{"taxonomy":"product_tag","embeddable":true,"href":"https:\/\/www.stap.ee\/en\/wp-json\/wp\/v2\/product_tag?post=2517"}],"curies":[{"name":"wp","href":"https:\/\/api.w.org\/{rel}","templated":true}]}}